{"id":2,"date":"2023-11-14T18:59:43","date_gmt":"2023-11-14T18:59:43","guid":{"rendered":"https:\/\/baumacht.at\/?page_id=2"},"modified":"2023-11-16T10:13:23","modified_gmt":"2023-11-16T10:13:23","slug":"uberuns","status":"publish","type":"page","link":"https:\/\/baumacht.at\/?page_id=2","title":{"rendered":"\u00dcBER UNS"},"content":{"rendered":"<div class=\"wp-block-image\">\n<figure class=\"alignright size-full\"><img loading=\"lazy\" decoding=\"async\" width=\"555\" height=\"330\" src=\"https:\/\/baumacht.at\/wp-content\/uploads\/2023\/11\/slide-page2.jpg\" alt=\"\" class=\"wp-image-218\" srcset=\"https:\/\/baumacht.at\/wp-content\/uploads\/2023\/11\/slide-page2.jpg 555w, https:\/\/baumacht.at\/wp-content\/uploads\/2023\/11\/slide-page2-300x178.jpg 300w\" sizes=\"auto, (max-width: 555px) 100vw, 555px\" \/><\/figure>\n<\/div>\n\n\n<p class=\"has-text-align-left\"><strong>\u00dcBER BAUMACHT :<\/strong><br><strong>Als konzessionierter Installateurbetrieb bieten wir fachm\u00e4nnische Arbeiten in den Bereichen Gas, Sanit\u00e4r, Heizung, Solar und Klima in Wien und Umgebung. \u00dcber 15 Jahre Branchenerfahrung erm\u00f6glichen uns Auftr\u00e4ge zielgerichtet und kosteneffizient abzuwickeln. Wir \u00fcbernehmen gerne Ihr pers\u00f6nliches Projekt von der Planung bis zur fachgerechten Umsetzung und der anschlie\u00dfenden Instandhaltung. Unsere Techniker finden f\u00fcr Sie eine optimale L\u00f6sung, die zu den baulichen Herausforderungen und dem Budget passt.<\/strong><\/p>\n\n\n\n<blockquote class=\"wp-block-quote is-layout-flow wp-block-quote-is-layout-flow\">\n<p>ES ERF\u00dcLLT MICH MIT STOLZ AUF FERTIGE PROJEKTE ZU SCHAUEN.<\/p>\n<\/blockquote>\n\n\n\n<p><strong>Kostenlose und unverbindliche Angebotserstellung.<\/strong><br>Bei gr\u00f6\u00dferen Installationen oder Reparaturarbeiten kommt gerne einer unserer geschulten Installateure vorbei und besichtigt die Ist-Situation, um die Vorgehensweise zu besprechen und eine m\u00f6glichst genaue Planung und Kosteneinsch\u00e4tzung zu gew\u00e4hrleisten.<\/p>\n\n\n\n<p><\/p>\n","protected":false},"excerpt":{"rendered":"<p>\u00dcBER BAUMACHT :Als konzessionierter Installateurbetrieb bieten wir fachm\u00e4nnische Arbeiten in den Bereichen Gas, Sanit\u00e4r, Heizung, Solar und Klima in Wien und Umgebung. \u00dcber 15 Jahre Branchenerfahrung erm\u00f6glichen uns Auftr\u00e4ge zielgerichtet und kosteneffizient abzuwickeln. Wir \u00fcbernehmen gerne Ihr pers\u00f6nliches Projekt von der Planung bis zur fachgerechten Umsetzung und der anschlie\u00dfenden Instandhaltung. Unsere Techniker finden f\u00fcr Sie [&hellip;]<\/p>\n","protected":false},"author":1,"featured_media":197,"parent":0,"menu_order":0,"comment_status":"closed","ping_status":"closed","template":"","meta":{"_themeisle_gutenberg_block_has_review":false,"footnotes":""},"class_list":["post-2","page","type-page","status-publish","has-post-thumbnail","hentry"],"_links":{"self":[{"href":"https:\/\/baumacht.at\/index.php?rest_route=\/wp\/v2\/pages\/2","targetHints":{"allow":["GET"]}}],"collection":[{"href":"https:\/\/baumacht.at\/index.php?rest_route=\/wp\/v2\/pages"}],"about":[{"href":"https:\/\/baumacht.at\/index.php?rest_route=\/wp\/v2\/types\/page"}],"author":[{"embeddable":true,"href":"https:\/\/baumacht.at\/index.php?rest_route=\/wp\/v2\/users\/1"}],"replies":[{"embeddable":true,"href":"https:\/\/baumacht.at\/index.php?rest_route=%2Fwp%2Fv2%2Fcomments&post=2"}],"version-history":[{"count":5,"href":"https:\/\/baumacht.at\/index.php?rest_route=\/wp\/v2\/pages\/2\/revisions"}],"predecessor-version":[{"id":219,"href":"https:\/\/baumacht.at\/index.php?rest_route=\/wp\/v2\/pages\/2\/revisions\/219"}],"wp:featuredmedia":[{"embeddable":true,"href":"https:\/\/baumacht.at\/index.php?rest_route=\/wp\/v2\/media\/197"}],"wp:attachment":[{"href":"https:\/\/baumacht.at\/index.php?rest_route=%2Fwp%2Fv2%2Fmedia&parent=2"}],"curies":[{"name":"wp","href":"https:\/\/api.w.org\/{rel}","templated":true}]}}